{"id":1171,"date":"2019-03-09T03:00:56","date_gmt":"2019-03-09T03:00:56","guid":{"rendered":"http:\/\/ngouwenberg.nl\/?page_id=1171"},"modified":"2019-11-25T13:47:41","modified_gmt":"2019-11-25T13:47:41","slug":"najaarsretraite-in-schoorl","status":"publish","type":"page","link":"https:\/\/ngouwenberg.nl\/?page_id=1171","title":{"rendered":"Najaarsretraite 2019"},"content":{"rendered":"<p><img loading=\"lazy\" decoding=\"async\" class=\"alignnone wp-image-1335 size-medium\" src=\"https:\/\/ngouwenberg.nl\/wp-content\/uploads\/2019\/11\/IMG_20191031_133211-300x225.jpg\" alt=\"\" width=\"300\" height=\"225\" srcset=\"https:\/\/ngouwenberg.nl\/wp-content\/uploads\/2019\/11\/IMG_20191031_133211-300x225.jpg 300w, https:\/\/ngouwenberg.nl\/wp-content\/uploads\/2019\/11\/IMG_20191031_133211-768x576.jpg 768w, https:\/\/ngouwenberg.nl\/wp-content\/uploads\/2019\/11\/IMG_20191031_133211-1024x768.jpg 1024w\" sizes=\"auto, (max-width: 300px) 100vw, 300px\" \/><\/p>\n<p>Van 27 &#8211; 31 oktober 2019 vond een retraite plaats rond <em>Een cursus in wonderen<\/em> in Schoorl.<\/p>\n<p><strong>Speciaalheid vergeven<\/strong><\/p>\n<p style=\"padding-left: 30px;\">&#8220;Vergeet niet dat de motivatie tot deze cursus het bereiken en behouden van de staat van vrede is.<br \/>\nIs die staat gegeven, dan is de denkgeest vredig en de toestand waarin God herinnerd wordt bereikt.<br \/>\nOm deze cursus te leren dien je bereid te zijn iedere waarde die jij eropna houdt in twijfel te trekken.<br \/>\nHoud slechts \u00e9\u00e9n overtuiging, \u00e9\u00e9n geschenk achter, en liefde is verdwenen, omdat je een surrogaat hebt gevraagd haar plaats in te nemen. Het enige wat ooit als een verborgen overtuiging gekoesterd wordt (&#8230;) is het geloof in speciaalheid.<br \/>\nHet najagen van speciaalheid gaat altijd ten koste van vrede.&#8221; (T24.In.1:1,2, 2:1, I.1:4, 3:1, II.2:1)<\/p>\n<p>Aan de hand van citaten uit hoofdstuk 24, toelichting, oefeningen en uitwisseling, hebben we ons met een groep van 18 deelnemers verdiept in het thema &#8216;Speciaalheid vergeven&#8217;.<\/p>\n<p><strong>Het aanbod<\/strong><br \/>\nEen <em>Een cursus in wonderen<\/em>-retraite met meditatie, oefening, uitwisseling, <img loading=\"lazy\" decoding=\"async\" class=\"wp-image-1357 alignleft\" src=\"https:\/\/ngouwenberg.nl\/wp-content\/uploads\/2019\/11\/IMG_20191031_110511-300x225.jpg\" alt=\"\" width=\"235\" height=\"176\" srcset=\"https:\/\/ngouwenberg.nl\/wp-content\/uploads\/2019\/11\/IMG_20191031_110511-300x225.jpg 300w, https:\/\/ngouwenberg.nl\/wp-content\/uploads\/2019\/11\/IMG_20191031_110511-768x576.jpg 768w, https:\/\/ngouwenberg.nl\/wp-content\/uploads\/2019\/11\/IMG_20191031_110511-1024x768.jpg 1024w\" sizes=\"auto, (max-width: 235px) 100vw, 235px\" \/>film en vrije tijd op een rustige locatie in de Schoorlse duinen. Met een groep van ca. 20 personen komen we &#8217;s morgens bij elkaar voor meditatie en Cursus toepassing, begeleid door Nicolien. De middag is vrij voor wandeling, stilte, rust, of wat je wilt. In de avond komen we weer bij elkaar voor onder andere het bekijken en bespreken van inspirerende Cursuslezingen, video&#8217;s en toelichtingen op Youtube.\u00a0Dit alles om onze toewijding aan het toepassen van vergeving op een ontspannen manier te bevestigen en verdiepen.<\/p>\n<p>Plaats: Groepsaccomodatie Dopersduin, Oorsprongweg 3, 1871 HA Schoorl<br \/>\nTijd: zondag 27 oktober, 15:00 uur tot donderdag 31 oktober, 14:30 uur.<\/p>\n<h5><\/h5>\n<h5><\/h5>\n<h5>Laatst gewijzigd: 25 november 2019<\/h5>\n","protected":false},"excerpt":{"rendered":"Van 27 &#8211; 31 oktober 2019 vond een retraite plaats rond Een cursus in wonderen in Schoorl. Speciaalheid vergeven &#8220;Vergeet niet dat de motivatie tot deze cursus het bereiken en behouden van de staat van vrede is. Is die staat gegeven, dan is de denkgeest vredig en de toestand waarin God herinnerd wordt bereikt. Om deze cursus te leren dien je bereid te zijn iedere waarde die jij eropna houdt in twijfel te trekken. Houd slechts \u00e9\u00e9n overtuiging, \u00e9\u00e9n geschenk achter, en liefde is verdwenen, omdat je een surrogaat hebt gevraagd haar plaats in te nemen. Het enige wat ooit als een verborgen overtuiging gekoesterd wordt (&#8230;) is het geloof in speciaalheid. Het najagen van speciaalheid gaat altijd ten koste van vrede.&#8221; (T24.In.1:1,2, 2:1, I.1:4, 3:1, II.2:1) Aan de hand van citaten uit hoofdstuk 24, toelichting, oefeningen en uitwisseling, hebben we ons met een groep van 18 deelnemers verdiept in het thema &#8216;Speciaalheid vergeven&#8217;. Het aanbod Een Een cursus in wonderen-retraite met meditatie, oefening, uitwisseling, film en vrije tijd op een rustige locatie in de Schoorlse duinen. Met een groep van ca. 20 personen komen we &#8217;s morgens bij elkaar voor meditatie en Cursus toepassing, begeleid door Nicolien. De middag is vrij voor wandeling, stilte, rust, of wat je wilt. In de avond komen we weer bij elkaar voor onder andere het bekijken en bespreken van inspirerende Cursuslezingen, video&#8217;s en toelichtingen op Youtube.\u00a0Dit alles om onze toewijding aan het toepassen van vergeving op een ontspannen manier te bevestigen en verdiepen. Plaats: Groepsaccomodatie Dopersduin, Oorsprongweg 3, 1871 HA Schoorl Tijd: zondag 27 oktober, 15:00 uur tot donderdag 31 oktober, 14:30 uur. Laatst gewijzigd: 25 november 2019","protected":false},"author":1,"featured_media":0,"parent":0,"menu_order":0,"comment_status":"closed","ping_status":"closed","template":"","meta":{"footnotes":""},"class_list":["post-1171","page","type-page","status-publish","hentry"],"_links":{"self":[{"href":"https:\/\/ngouwenberg.nl\/index.php?rest_route=\/wp\/v2\/pages\/1171","targetHints":{"allow":["GET"]}}],"collection":[{"href":"https:\/\/ngouwenberg.nl\/index.php?rest_route=\/wp\/v2\/pages"}],"about":[{"href":"https:\/\/ngouwenberg.nl\/index.php?rest_route=\/wp\/v2\/types\/page"}],"author":[{"embeddable":true,"href":"https:\/\/ngouwenberg.nl\/index.php?rest_route=\/wp\/v2\/users\/1"}],"replies":[{"embeddable":true,"href":"https:\/\/ngouwenberg.nl\/index.php?rest_route=%2Fwp%2Fv2%2Fcomments&post=1171"}],"version-history":[{"count":21,"href":"https:\/\/ngouwenberg.nl\/index.php?rest_route=\/wp\/v2\/pages\/1171\/revisions"}],"predecessor-version":[{"id":1425,"href":"https:\/\/ngouwenberg.nl\/index.php?rest_route=\/wp\/v2\/pages\/1171\/revisions\/1425"}],"wp:attachment":[{"href":"https:\/\/ngouwenberg.nl\/index.php?rest_route=%2Fwp%2Fv2%2Fmedia&parent=1171"}],"curies":[{"name":"wp","href":"https:\/\/api.w.org\/{rel}","templated":true}]}}